{"id":10,"date":"2024-04-15T20:46:12","date_gmt":"2024-04-15T20:46:12","guid":{"rendered":"https:\/\/brewski.axessdata.se\/?page_id=10"},"modified":"2024-04-15T20:46:12","modified_gmt":"2024-04-15T20:46:12","slug":"varukorg","status":"publish","type":"page","link":"https:\/\/brewski.axessdata.se\/?page_id=10","title":{"rendered":"Varukorg"},"content":{"rendered":"\n<div data-block-name=\"woocommerce\/cart\" class=\"wp-block-woocommerce-cart alignwide is-loading\">\n<div data-block-name=\"woocommerce\/filled-cart-block\" class=\"wp-block-woocommerce-filled-cart-block\">\n<div data-block-name=\"woocommerce\/cart-items-block\" class=\"wp-block-woocommerce-cart-items-block\">\n<div data-block-name=\"woocommerce\/cart-line-items-block\" class=\"wp-block-woocommerce-cart-line-items-block\"><\/div>\n\n\n\n<div data-block-name=\"woocommerce\/cart-cross-sells-block\" class=\"wp-block-woocommerce-cart-cross-sells-block\">\n<h2 class=\"wp-block-heading has-large-font-size\">Du kanske \u00e4r intresserad av \u2026<\/h2>\n\n\n\n<div data-block-name=\"woocommerce\/cart-cross-sells-products-block\" class=\"wp-block-woocommerce-cart-cross-sells-products-block\"><\/div>\n<\/div>\n<\/div>\n\n\n\n<div data-block-name=\"woocommerce\/cart-totals-block\" class=\"wp-block-woocommerce-cart-totals-block\">\n<div data-block-name=\"woocommerce\/cart-order-summary-block\" class=\"wp-block-woocommerce-cart-order-summary-block\">\n<div data-block-name=\"woocommerce\/cart-order-summary-heading-block\" class=\"wp-block-woocommerce-cart-order-summary-heading-block\"><\/div><div data-block-name=\"woocommerce\/cart-order-summary-coupon-form-block\" class=\"wp-block-woocommerce-cart-order-summary-coupon-form-block\"><\/div><div data-block-name=\"woocommerce\/cart-order-summary-totals-block\" class=\"wp-block-woocommerce-cart-order-summary-totals-block\">\n<div data-block-name=\"woocommerce\/cart-order-summary-subtotal-block\" class=\"wp-block-woocommerce-cart-order-summary-subtotal-block\"><\/div>\n<div data-block-name=\"woocommerce\/cart-order-summary-discount-block\" class=\"wp-block-woocommerce-cart-order-summary-discount-block\"><\/div>\n<div data-block-name=\"woocommerce\/cart-order-summary-fee-block\" class=\"wp-block-woocommerce-cart-order-summary-fee-block\"><\/div>\n<div data-block-name=\"woocommerce\/cart-order-summary-shipping-block\" class=\"wp-block-woocommerce-cart-order-summary-shipping-block\"><\/div>\n<div data-block-name=\"woocommerce\/cart-order-summary-taxes-block\" class=\"wp-block-woocommerce-cart-order-summary-taxes-block\"><\/div><\/div>\n<\/div>\n\n\n\n<div data-block-name=\"woocommerce\/cart-express-payment-block\" class=\"wp-block-woocommerce-cart-express-payment-block\"><\/div>\n\n\n\n<div data-block-name=\"woocommerce\/proceed-to-checkout-block\" class=\"wp-block-woocommerce-proceed-to-checkout-block\"><\/div>\n\n\n\n<div data-block-name=\"woocommerce\/cart-accepted-payment-methods-block\" class=\"wp-block-woocommerce-cart-accepted-payment-methods-block\"><\/div>\n<\/div>\n<\/div>\n\n\n\n<div data-block-name=\"woocommerce\/empty-cart-block\" class=\"wp-block-woocommerce-empty-cart-block\">\n<h2 class=\"wp-block-heading has-text-align-center with-empty-cart-icon wc-block-cart__empty-cart__title\">Din varukorg \u00e4r f\u00f6r n\u00e4rvarande tom!<\/h2>\n\n\n\n<hr class=\"wp-block-separator has-alpha-channel-opacity is-style-dots\"\/>\n\n\n\n<h2 class=\"wp-block-heading has-text-align-center\">Nytt i butik<\/h2>\n\n\n<div data-block-name=\"woocommerce\/product-new\" data-columns=\"4\" data-rows=\"1\" class=\"wc-block-grid wp-block-product-new wp-block-woocommerce-product-new wc-block-product-new has-4-columns\"><ul class=\"wc-block-grid__products\"><li class=\"wc-block-grid__product\">\n\t\t\t\t<a href=\"https:\/\/brewski.axessdata.se\/?product=premium-lager\" class=\"wc-block-grid__product-link\">\n\t\t\t\t\t\n\t\t\t\t\t<div class=\"wc-block-grid__product-image\"><img loading=\"lazy\" decoding=\"async\" width=\"300\" height=\"300\" src=\"https:\/\/brewski.axessdata.se\/wp-content\/uploads\/2018\/04\/shop-2-img-4-300x300.png\" class=\"attachment-woocommerce_thumbnail size-woocommerce_thumbnail\" alt=\"a\" srcset=\"https:\/\/brewski.axessdata.se\/wp-content\/uploads\/2018\/04\/shop-2-img-4-300x300.png 300w, https:\/\/brewski.axessdata.se\/wp-content\/uploads\/2018\/04\/shop-2-img-4-150x150.png 150w, https:\/\/brewski.axessdata.se\/wp-content\/uploads\/2018\/04\/shop-2-img-4-768x768.png 768w, https:\/\/brewski.axessdata.se\/wp-content\/uploads\/2018\/04\/shop-2-img-4-550x550.png 550w, https:\/\/brewski.axessdata.se\/wp-content\/uploads\/2018\/04\/shop-2-img-4-600x600.png 600w, https:\/\/brewski.axessdata.se\/wp-content\/uploads\/2018\/04\/shop-2-img-4-100x100.png 100w, https:\/\/brewski.axessdata.se\/wp-content\/uploads\/2018\/04\/shop-2-img-4.png 800w\" sizes=\"auto, (max-width: 300px) 100vw, 300px\" \/><\/div>\n\t\t\t\t\t<div class=\"wc-block-grid__product-title\">Premium Lager<\/div>\n\t\t\t\t<\/a>\n\t\t\t\t<div class=\"wc-block-grid__product-price price\"><span class=\"woocommerce-Price-amount amount\"><span class=\"woocommerce-Price-currencySymbol\">&#036;<\/span>23.00<\/span><\/div>\n\t\t\t\t\n\t\t\t\t<div class=\"wp-block-button wc-block-grid__product-add-to-cart\"><a href=\"\/index.php?rest_route=%2Fwp%2Fv2%2Fpages%2F10&#038;add-to-cart=1750\" aria-label=\"L\u00e4gg till i varukorgen: \u201dPremium Lager\u201d\" data-quantity=\"1\" data-product_id=\"1750\" data-product_sku=\"85\" data-price=\"23\" rel=\"nofollow\" class=\"wp-block-button__link  add_to_cart_button ajax_add_to_cart\">L\u00e4gg till i varukorg<\/a><\/div>\n\t\t\t<\/li><li class=\"wc-block-grid__product\">\n\t\t\t\t<a href=\"https:\/\/brewski.axessdata.se\/?product=witbier\" class=\"wc-block-grid__product-link\">\n\t\t\t\t\t\n\t\t\t\t\t<div class=\"wc-block-grid__product-image\"><img loading=\"lazy\" decoding=\"async\" width=\"300\" height=\"300\" src=\"https:\/\/brewski.axessdata.se\/wp-content\/uploads\/2018\/04\/shop-2-img-3-300x300.png\" class=\"attachment-woocommerce_thumbnail size-woocommerce_thumbnail\" alt=\"a\" srcset=\"https:\/\/brewski.axessdata.se\/wp-content\/uploads\/2018\/04\/shop-2-img-3-300x300.png 300w, https:\/\/brewski.axessdata.se\/wp-content\/uploads\/2018\/04\/shop-2-img-3-150x150.png 150w, https:\/\/brewski.axessdata.se\/wp-content\/uploads\/2018\/04\/shop-2-img-3-768x768.png 768w, https:\/\/brewski.axessdata.se\/wp-content\/uploads\/2018\/04\/shop-2-img-3-550x550.png 550w, https:\/\/brewski.axessdata.se\/wp-content\/uploads\/2018\/04\/shop-2-img-3-600x600.png 600w, https:\/\/brewski.axessdata.se\/wp-content\/uploads\/2018\/04\/shop-2-img-3-100x100.png 100w, https:\/\/brewski.axessdata.se\/wp-content\/uploads\/2018\/04\/shop-2-img-3.png 800w\" sizes=\"auto, (max-width: 300px) 100vw, 300px\" \/><\/div>\n\t\t\t\t\t<div class=\"wc-block-grid__product-title\">Witbier<\/div>\n\t\t\t\t<\/a>\n\t\t\t\t<div class=\"wc-block-grid__product-price price\"><span class=\"woocommerce-Price-amount amount\"><span class=\"woocommerce-Price-currencySymbol\">&#036;<\/span>23.00<\/span><\/div>\n\t\t\t\t\n\t\t\t\t<div class=\"wp-block-button wc-block-grid__product-add-to-cart\"><a href=\"\/index.php?rest_route=%2Fwp%2Fv2%2Fpages%2F10&#038;add-to-cart=1746\" aria-label=\"L\u00e4gg till i varukorgen: \u201dWitbier\u201d\" data-quantity=\"1\" data-product_id=\"1746\" data-product_sku=\"85\" data-price=\"23\" rel=\"nofollow\" class=\"wp-block-button__link  add_to_cart_button ajax_add_to_cart\">L\u00e4gg till i varukorg<\/a><\/div>\n\t\t\t<\/li><li class=\"wc-block-grid__product\">\n\t\t\t\t<a href=\"https:\/\/brewski.axessdata.se\/?product=saison\" class=\"wc-block-grid__product-link\">\n\t\t\t\t\t\n\t\t\t\t\t<div class=\"wc-block-grid__product-image\"><img loading=\"lazy\" decoding=\"async\" width=\"300\" height=\"300\" src=\"https:\/\/brewski.axessdata.se\/wp-content\/uploads\/2018\/04\/shop-2-img-2-300x300.png\" class=\"attachment-woocommerce_thumbnail size-woocommerce_thumbnail\" alt=\"a\" srcset=\"https:\/\/brewski.axessdata.se\/wp-content\/uploads\/2018\/04\/shop-2-img-2-300x300.png 300w, https:\/\/brewski.axessdata.se\/wp-content\/uploads\/2018\/04\/shop-2-img-2-150x150.png 150w, https:\/\/brewski.axessdata.se\/wp-content\/uploads\/2018\/04\/shop-2-img-2-768x768.png 768w, https:\/\/brewski.axessdata.se\/wp-content\/uploads\/2018\/04\/shop-2-img-2-550x550.png 550w, https:\/\/brewski.axessdata.se\/wp-content\/uploads\/2018\/04\/shop-2-img-2-600x600.png 600w, https:\/\/brewski.axessdata.se\/wp-content\/uploads\/2018\/04\/shop-2-img-2-100x100.png 100w, https:\/\/brewski.axessdata.se\/wp-content\/uploads\/2018\/04\/shop-2-img-2.png 800w\" sizes=\"auto, (max-width: 300px) 100vw, 300px\" \/><\/div>\n\t\t\t\t\t<div class=\"wc-block-grid__product-title\">Saison<\/div>\n\t\t\t\t<\/a>\n\t\t\t\t<div class=\"wc-block-grid__product-price price\"><span class=\"woocommerce-Price-amount amount\"><span class=\"woocommerce-Price-currencySymbol\">&#036;<\/span>26.00<\/span><\/div>\n\t\t\t\t\n\t\t\t\t<div class=\"wp-block-button wc-block-grid__product-add-to-cart\"><a href=\"\/index.php?rest_route=%2Fwp%2Fv2%2Fpages%2F10&#038;add-to-cart=1742\" aria-label=\"L\u00e4gg till i varukorgen: \u201dSaison\u201d\" data-quantity=\"1\" data-product_id=\"1742\" data-product_sku=\"80\" data-price=\"26\" rel=\"nofollow\" class=\"wp-block-button__link  add_to_cart_button ajax_add_to_cart\">L\u00e4gg till i varukorg<\/a><\/div>\n\t\t\t<\/li><li class=\"wc-block-grid__product\">\n\t\t\t\t<a href=\"https:\/\/brewski.axessdata.se\/?product=dunkel\" class=\"wc-block-grid__product-link\">\n\t\t\t\t\t\n\t\t\t\t\t<div class=\"wc-block-grid__product-image\"><img loading=\"lazy\" decoding=\"async\" width=\"300\" height=\"300\" src=\"https:\/\/brewski.axessdata.se\/wp-content\/uploads\/2018\/04\/shop-2-img-1-300x300.png\" class=\"attachment-woocommerce_thumbnail size-woocommerce_thumbnail\" alt=\"a\" srcset=\"https:\/\/brewski.axessdata.se\/wp-content\/uploads\/2018\/04\/shop-2-img-1-300x300.png 300w, https:\/\/brewski.axessdata.se\/wp-content\/uploads\/2018\/04\/shop-2-img-1-150x150.png 150w, https:\/\/brewski.axessdata.se\/wp-content\/uploads\/2018\/04\/shop-2-img-1-768x768.png 768w, https:\/\/brewski.axessdata.se\/wp-content\/uploads\/2018\/04\/shop-2-img-1-550x550.png 550w, https:\/\/brewski.axessdata.se\/wp-content\/uploads\/2018\/04\/shop-2-img-1-600x600.png 600w, https:\/\/brewski.axessdata.se\/wp-content\/uploads\/2018\/04\/shop-2-img-1-100x100.png 100w, https:\/\/brewski.axessdata.se\/wp-content\/uploads\/2018\/04\/shop-2-img-1.png 800w\" sizes=\"auto, (max-width: 300px) 100vw, 300px\" \/><\/div>\n\t\t\t\t\t<div class=\"wc-block-grid__product-title\">Dunkel<\/div>\n\t\t\t\t<\/a>\n\t\t\t\t<div class=\"wc-block-grid__product-price price\"><span class=\"woocommerce-Price-amount amount\"><span class=\"woocommerce-Price-currencySymbol\">&#036;<\/span>14.00<\/span><\/div>\n\t\t\t\t\n\t\t\t\t<div class=\"wp-block-button wc-block-grid__product-add-to-cart\"><a href=\"\/index.php?rest_route=%2Fwp%2Fv2%2Fpages%2F10&#038;add-to-cart=1723\" aria-label=\"L\u00e4gg till i varukorgen: \u201dDunkel\u201d\" data-quantity=\"1\" data-product_id=\"1723\" data-product_sku=\"75\" data-price=\"14\" rel=\"nofollow\" class=\"wp-block-button__link  add_to_cart_button ajax_add_to_cart\">L\u00e4gg till i varukorg<\/a><\/div>\n\t\t\t<\/li><\/ul><\/div><\/div>\n<\/div>\n","protected":false},"excerpt":{"rendered":"Du kanske \u00e4r intresserad av \u2026 Din varukorg \u00e4r f\u00f6r n\u00e4rvarande tom! Nytt i butik","protected":false},"author":1,"featured_media":0,"parent":0,"menu_order":0,"comment_status":"closed","ping_status":"closed","template":"","meta":{"footnotes":""},"class_list":["post-10","page","type-page","status-publish","hentry"],"_links":{"self":[{"href":"https:\/\/brewski.axessdata.se\/index.php?rest_route=\/wp\/v2\/pages\/10","targetHints":{"allow":["GET"]}}],"collection":[{"href":"https:\/\/brewski.axessdata.se\/index.php?rest_route=\/wp\/v2\/pages"}],"about":[{"href":"https:\/\/brewski.axessdata.se\/index.php?rest_route=\/wp\/v2\/types\/page"}],"author":[{"embeddable":true,"href":"https:\/\/brewski.axessdata.se\/index.php?rest_route=\/wp\/v2\/users\/1"}],"replies":[{"embeddable":true,"href":"https:\/\/brewski.axessdata.se\/index.php?rest_route=%2Fwp%2Fv2%2Fcomments&post=10"}],"version-history":[{"count":0,"href":"https:\/\/brewski.axessdata.se\/index.php?rest_route=\/wp\/v2\/pages\/10\/revisions"}],"wp:attachment":[{"href":"https:\/\/brewski.axessdata.se\/index.php?rest_route=%2Fwp%2Fv2%2Fmedia&parent=10"}],"curies":[{"name":"wp","href":"https:\/\/api.w.org\/{rel}","templated":true}]}}